{"id":835,"date":"2020-04-13T14:39:03","date_gmt":"2020-04-13T12:39:03","guid":{"rendered":"https:\/\/ascenseurs-seca.fr\/?page_id=835"},"modified":"2020-12-16T16:46:20","modified_gmt":"2020-12-16T15:46:20","slug":"monte-charges","status":"publish","type":"page","link":"https:\/\/ascenseurs-seca.fr\/en\/monte-charges\/","title":{"rendered":"Goods lifts"},"content":{"rendered":"<div id=\"fws_69e622362322d\"  data-column-margin=\"default\" data-midnight=\"dark\"  data-bg-mobile-hidden=\"\" class=\"wpb_row vc_row-fluid vc_row standard_section\"  style=\"padding-top: 0px; padding-bottom: 0px; \"><div class=\"row-bg-wrap\" data-bg-animation=\"none\" data-bg-overlay=\"false\"><div class=\"inner-wrap\"><div class=\"row-bg\"  style=\"\"><\/div><\/div><div class=\"row-bg-overlay\" ><\/div><\/div><div class=\"col span_12 dark left\">\n\t<div  class=\"vc_col-sm-12 vc_hidden-xs wpb_column column_container vc_column_container col no-extra-padding\"  data-t-w-inherits=\"default\" data-border-radius=\"none\" data-shadow=\"none\" data-border-animation=\"\" data-border-animation-delay=\"\" data-border-width=\"none\" data-border-style=\"solid\" data-border-color=\"\" data-bg-cover=\"\" data-padding-pos=\"all\" data-has-bg-color=\"false\" data-bg-color=\"\" data-bg-opacity=\"1\" data-hover-bg=\"\" data-hover-bg-opacity=\"1\" data-animation=\"\" data-delay=\"0\" >\n\t\t<div class=\"vc_column-inner\" ><div class=\"column-bg-overlay-wrap\" data-bg-animation=\"none\"><div class=\"column-bg-overlay\"><\/div><\/div>\n\t\t\t<div class=\"wpb_wrapper\">\n\t\t\t\t<div class=\"divider-wrap\" data-alignment=\"default\"><div style=\"height: 150px;\" class=\"divider\"><\/div><\/div>\n\t\t\t<\/div> \n\t\t<\/div>\n\t<\/div> \n<\/div><\/div>\n\t\t<div id=\"fws_69e6223623843\"  data-column-margin=\"default\" data-midnight=\"dark\"  data-bg-mobile-hidden=\"\" class=\"wpb_row vc_row-fluid vc_row standard_section\"  style=\"padding-top: 0px; padding-bottom: 0px; \"><div class=\"row-bg-wrap\" data-bg-animation=\"none\" data-bg-overlay=\"false\"><div class=\"inner-wrap\"><div class=\"row-bg\"  style=\"\"><\/div><\/div><div class=\"row-bg-overlay\" ><\/div><\/div><div class=\"col span_12 dark left\">\n\t<div  class=\"vc_col-sm-12 wpb_column column_container vc_column_container col no-extra-padding\"  data-t-w-inherits=\"default\" data-border-radius=\"none\" data-shadow=\"none\" data-border-animation=\"\" data-border-animation-delay=\"\" data-border-width=\"none\" data-border-style=\"solid\" data-border-color=\"\" data-bg-cover=\"\" data-padding-pos=\"all\" data-has-bg-color=\"false\" data-bg-color=\"\" data-bg-opacity=\"1\" data-hover-bg=\"\" data-hover-bg-opacity=\"1\" data-animation=\"\" data-delay=\"0\" >\n\t\t<div class=\"vc_column-inner\" ><div class=\"column-bg-overlay-wrap\" data-bg-animation=\"none\"><div class=\"column-bg-overlay\"><\/div><\/div>\n\t\t\t<div class=\"wpb_wrapper\">\n\t\t\t\t\r\n<div class=\"wpb_text_column wpb_content_element\" >\r\n\t<div class=\"wpb_wrapper\">\r\n\t\t<h1>Goods lifts<\/h1>\n\t<\/div>\r\n<\/div>\r\n\r\n\r\n\r\n<div class=\"divider-wrap\" data-alignment=\"default\"><div style=\"height: 50px;\" class=\"divider\"><\/div><\/div>\n\t<div class=\"wpb_content_element\" data-interval=\"0\">\n\t\t<div class=\"wpb_wrapper tabbed clearfix\" data-style=\"vertical_modern\" data-spacing=\"\" data-icon-size=\"24\" data-full-width-line=\"\" data-color-scheme=\"accent-color\" data-alignment=\"left\">\n\t\t\t<ul class=\"wpb_tabs_nav ui-tabs-nav clearfix\"><li><a href=\"#tab-1608133209630-4\"><span>Monte-Charges non accompagn\u00e9<\/span><\/a><\/li><li><a href=\"#tab-1608133209666-1\"><span>Attended goods lifts<\/span><\/a><\/li><\/ul>\n\n\t\t\t\n\t\t\t<div id=\"tab-monte-charges-non-accompagne\" data-tab-icon=\"\" class=\"wpb_tab ui-tabs-panel wpb_ui-tabs-hide clearfix\">\n\t\t\t\t<div class=\"divider-wrap\" data-alignment=\"default\"><div style=\"height: 25px;\" class=\"divider\"><\/div><\/div>\r\n<div class=\"wpb_text_column wpb_content_element\" >\r\n\t<div class=\"wpb_wrapper\">\r\n\t\t<h3>Unattended goods lifts<\/h3>\n<p>To be called from the landing; speed &lt;0.15 m\/s.<\/p>\n\t<\/div>\r\n<\/div>\r\n\r\n\r\n\r\n\n\t\t\t<\/div> \n\t\t\t<div id=\"tab-monte-charges-accompagne\" data-tab-icon=\"\" class=\"wpb_tab ui-tabs-panel wpb_ui-tabs-hide clearfix\">\n\t\t\t\t<div class=\"divider-wrap\" data-alignment=\"default\"><div style=\"height: 25px;\" class=\"divider\"><\/div><\/div>\r\n<div class=\"wpb_text_column wpb_content_element\" >\r\n\t<div class=\"wpb_wrapper\">\r\n\t\t<h3>Attended goods lifts<\/h3>\n<p>The lift is manned; speed &lt;0.15 m\/s.<\/p>\n\t<\/div>\r\n<\/div>\r\n\r\n\r\n\r\n<div class=\"divider-wrap\" data-alignment=\"default\"><div style=\"height: 25px;\" class=\"divider\"><\/div><\/div>\n\t\t\t<\/div> \n\t\t<\/div> \n\t<\/div> \n\t\t\t<\/div> \n\t\t<\/div>\n\t<\/div> \n<\/div><\/div>\n\t\t<div id=\"fws_69e62236242ff\"  data-column-margin=\"default\" data-midnight=\"dark\"  data-bg-mobile-hidden=\"\" class=\"wpb_row vc_row-fluid vc_row standard_section\"  style=\"padding-top: 0px; padding-bottom: 0px; \"><div class=\"row-bg-wrap\" data-bg-animation=\"none\" data-bg-overlay=\"false\"><div class=\"inner-wrap\"><div class=\"row-bg\"  style=\"\"><\/div><\/div><div class=\"row-bg-overlay\" ><\/div><\/div><div class=\"col span_12 dark left\">\n\t<div  class=\"vc_col-sm-12 wpb_column column_container vc_column_container col no-extra-padding\"  data-t-w-inherits=\"default\" data-border-radius=\"none\" data-shadow=\"none\" data-border-animation=\"\" data-border-animation-delay=\"\" data-border-width=\"none\" data-border-style=\"solid\" data-border-color=\"\" data-bg-cover=\"\" data-padding-pos=\"all\" data-has-bg-color=\"false\" data-bg-color=\"\" data-bg-opacity=\"1\" data-hover-bg=\"\" data-hover-bg-opacity=\"1\" data-animation=\"\" data-delay=\"0\" >\n\t\t<div class=\"vc_column-inner\" ><div class=\"column-bg-overlay-wrap\" data-bg-animation=\"none\"><div class=\"column-bg-overlay\"><\/div><\/div>\n\t\t\t<div class=\"wpb_wrapper\">\n\t\t\t\t<div class=\"divider-wrap\" data-alignment=\"default\"><div style=\"height: 80px;\" class=\"divider\"><\/div><\/div>\n\t\t\t<\/div> \n\t\t<\/div>\n\t<\/div> \n<\/div><\/div>","protected":false},"excerpt":{"rendered":"Monte-charges Monte-Charges non accompagn\u00e9Monte-Charges accompagn\u00e9 Monte-Charges non accompagn\u00e9s Le Monte-Charges non-accompagn\u00e9 Commande du monte-charges depuis les paliers, vitesse \u00ab0,15m\/s Monte-Charges accompagn\u00e9 La charge est accompagn\u00e9e, vitesse &lt;0,15m\/s","protected":false},"author":1,"featured_media":0,"parent":0,"menu_order":0,"comment_status":"closed","ping_status":"closed","template":"","meta":{"inline_featured_image":false,"footnotes":""},"yoast_head":"<!-- This site is optimized with the Yoast SEO plugin v22.0 - https:\/\/yoast.com\/wordpress\/plugins\/seo\/ -->\n<title>Monte-Charges - SECA - Ascenseur sur mesure<\/title>\n<meta name=\"robots\" content=\"index, follow, max-snippet:-1, max-image-preview:large, max-video-preview:-1\" \/>\n<link rel=\"canonical\" href=\"https:\/\/ascenseurs-seca.fr\/en\/monte-charges\/\" \/>\n<meta property=\"og:locale\" content=\"en_GB\" \/>\n<meta property=\"og:type\" content=\"article\" \/>\n<meta property=\"og:title\" content=\"Monte-Charges - SECA - Ascenseur sur mesure\" \/>\n<meta property=\"og:url\" content=\"https:\/\/ascenseurs-seca.fr\/en\/monte-charges\/\" \/>\n<meta property=\"og:site_name\" content=\"SECA - Ascenseur sur mesure\" \/>\n<meta property=\"article:modified_time\" content=\"2020-12-16T15:46:20+00:00\" \/>\n<meta name=\"twitter:card\" content=\"summary_large_image\" \/>\n<meta name=\"twitter:label1\" content=\"Estimated reading time\" \/>\n\t<meta name=\"twitter:data1\" content=\"2 minutes\" \/>\n<script type=\"application\/ld+json\" class=\"yoast-schema-graph\">{\"@context\":\"https:\/\/schema.org\",\"@graph\":[{\"@type\":\"WebPage\",\"@id\":\"https:\/\/ascenseurs-seca.fr\/monte-charges\/\",\"url\":\"https:\/\/ascenseurs-seca.fr\/monte-charges\/\",\"name\":\"Monte-Charges - SECA - Ascenseur sur mesure\",\"isPartOf\":{\"@id\":\"https:\/\/ascenseurs-seca.fr\/#website\"},\"datePublished\":\"2020-04-13T12:39:03+00:00\",\"dateModified\":\"2020-12-16T15:46:20+00:00\",\"breadcrumb\":{\"@id\":\"https:\/\/ascenseurs-seca.fr\/monte-charges\/#breadcrumb\"},\"inLanguage\":\"en-GB\",\"potentialAction\":[{\"@type\":\"ReadAction\",\"target\":[\"https:\/\/ascenseurs-seca.fr\/monte-charges\/\"]}]},{\"@type\":\"BreadcrumbList\",\"@id\":\"https:\/\/ascenseurs-seca.fr\/monte-charges\/#breadcrumb\",\"itemListElement\":[{\"@type\":\"ListItem\",\"position\":1,\"name\":\"Accueil\",\"item\":\"https:\/\/ascenseurs-seca.fr\/\"},{\"@type\":\"ListItem\",\"position\":2,\"name\":\"Monte-Charges\"}]},{\"@type\":\"WebSite\",\"@id\":\"https:\/\/ascenseurs-seca.fr\/#website\",\"url\":\"https:\/\/ascenseurs-seca.fr\/\",\"name\":\"SECA - Ascenseur sur mesure\",\"description\":\"Ascenseurs fran\u00e7ais sur mesure \",\"potentialAction\":[{\"@type\":\"SearchAction\",\"target\":{\"@type\":\"EntryPoint\",\"urlTemplate\":\"https:\/\/ascenseurs-seca.fr\/?s={search_term_string}\"},\"query-input\":\"required name=search_term_string\"}],\"inLanguage\":\"en-GB\"}]}<\/script>\n<!-- \/ Yoast SEO plugin. -->","yoast_head_json":{"title":"Monte-Charges - SECA - Ascenseur sur mesure","robots":{"index":"index","follow":"follow","max-snippet":"max-snippet:-1","max-image-preview":"max-image-preview:large","max-video-preview":"max-video-preview:-1"},"canonical":"https:\/\/ascenseurs-seca.fr\/en\/monte-charges\/","og_locale":"en_GB","og_type":"article","og_title":"Monte-Charges - SECA - Ascenseur sur mesure","og_url":"https:\/\/ascenseurs-seca.fr\/en\/monte-charges\/","og_site_name":"SECA - Ascenseur sur mesure","article_modified_time":"2020-12-16T15:46:20+00:00","twitter_card":"summary_large_image","twitter_misc":{"Estimated reading time":"2 minutes"},"schema":{"@context":"https:\/\/schema.org","@graph":[{"@type":"WebPage","@id":"https:\/\/ascenseurs-seca.fr\/monte-charges\/","url":"https:\/\/ascenseurs-seca.fr\/monte-charges\/","name":"Monte-Charges - SECA - Ascenseur sur mesure","isPartOf":{"@id":"https:\/\/ascenseurs-seca.fr\/#website"},"datePublished":"2020-04-13T12:39:03+00:00","dateModified":"2020-12-16T15:46:20+00:00","breadcrumb":{"@id":"https:\/\/ascenseurs-seca.fr\/monte-charges\/#breadcrumb"},"inLanguage":"en-GB","potentialAction":[{"@type":"ReadAction","target":["https:\/\/ascenseurs-seca.fr\/monte-charges\/"]}]},{"@type":"BreadcrumbList","@id":"https:\/\/ascenseurs-seca.fr\/monte-charges\/#breadcrumb","itemListElement":[{"@type":"ListItem","position":1,"name":"Accueil","item":"https:\/\/ascenseurs-seca.fr\/"},{"@type":"ListItem","position":2,"name":"Monte-Charges"}]},{"@type":"WebSite","@id":"https:\/\/ascenseurs-seca.fr\/#website","url":"https:\/\/ascenseurs-seca.fr\/","name":"SECA - Ascenseur sur mesure","description":"Ascenseurs fran\u00e7ais sur mesure ","potentialAction":[{"@type":"SearchAction","target":{"@type":"EntryPoint","urlTemplate":"https:\/\/ascenseurs-seca.fr\/?s={search_term_string}"},"query-input":"required name=search_term_string"}],"inLanguage":"en-GB"}]}},"_links":{"self":[{"href":"https:\/\/ascenseurs-seca.fr\/en\/wp-json\/wp\/v2\/pages\/835"}],"collection":[{"href":"https:\/\/ascenseurs-seca.fr\/en\/wp-json\/wp\/v2\/pages"}],"about":[{"href":"https:\/\/ascenseurs-seca.fr\/en\/wp-json\/wp\/v2\/types\/page"}],"author":[{"embeddable":true,"href":"https:\/\/ascenseurs-seca.fr\/en\/wp-json\/wp\/v2\/users\/1"}],"replies":[{"embeddable":true,"href":"https:\/\/ascenseurs-seca.fr\/en\/wp-json\/wp\/v2\/comments?post=835"}],"version-history":[{"count":8,"href":"https:\/\/ascenseurs-seca.fr\/en\/wp-json\/wp\/v2\/pages\/835\/revisions"}],"predecessor-version":[{"id":1323,"href":"https:\/\/ascenseurs-seca.fr\/en\/wp-json\/wp\/v2\/pages\/835\/revisions\/1323"}],"wp:attachment":[{"href":"https:\/\/ascenseurs-seca.fr\/en\/wp-json\/wp\/v2\/media?parent=835"}],"curies":[{"name":"wp","href":"https:\/\/api.w.org\/{rel}","templated":true}]}}